{"id":938,"date":"2023-09-28T11:40:49","date_gmt":"2023-09-28T11:40:49","guid":{"rendered":"http:\/\/localhost\/afg-capital\/?page_id=938"},"modified":"2023-09-28T11:41:48","modified_gmt":"2023-09-28T11:41:48","slug":"pourquoi-nous-choisir","status":"publish","type":"page","link":"https:\/\/afgcapital-sa.com\/en\/pourquoi-nous-choisir\/","title":{"rendered":"Pourquoi nous choisir ?"},"content":{"rendered":"<p>Nous profitons de l\u2019expertise et de la solidit\u00e9 de Atlantic Group qui a plus de 40 ann\u00e9es d\u2019existence et \u00e0 son actif plusieurs banques(5) et compagnies d\u2019assurances (5) avec une pr\u00e9sence repartie dans toute l\u2019Afrique pour accompagner durablement les investisseurs publics et priv\u00e9s(entreprises, institutionnels et particuliers) dans l\u2019acquisition et la gestion de valeurs mobili\u00e8res, tout en participant au financement des \u00e9conomies nationales.<\/p>\n<p>AFG Capital occupe une place de choix\/pr\u00e9pond\u00e9rante dans le march\u00e9 sous r\u00e9gional, et a particip\u00e9 au succ\u00e8s de plusieurs op\u00e9rations de lev\u00e9e de fonds et de financements.<\/p>\n<p>Elle est dot\u00e9e d\u2019une \u00e9quipe jeune, dynamique et pluridisciplinaire.<\/p>\n","protected":false},"excerpt":{"rendered":"<p>Nous profitons de l\u2019expertise et de la solidit\u00e9 de Atlantic Group qui a plus de 40 ann\u00e9es d\u2019existence et \u00e0 son actif plusieurs banques(5) et compagnies d\u2019assurances (5) avec une pr\u00e9sence repartie dans toute l\u2019Afrique pour accompagner durablement les investisseurs publics et priv\u00e9s(entreprises, institutionnels et particuliers) dans l\u2019acquisition et la gestion de valeurs mobili\u00e8res, tout [&hellip;]<\/p>\n","protected":false},"author":2,"featured_media":0,"parent":0,"menu_order":0,"comment_status":"closed","ping_status":"closed","template":"why.php","meta":{"_acf_changed":false,"footnotes":""},"class_list":["post-938","page","type-page","status-publish","hentry"],"acf":[],"_links":{"self":[{"href":"https:\/\/afgcapital-sa.com\/en\/wp-json\/wp\/v2\/pages\/938","targetHints":{"allow":["GET"]}}],"collection":[{"href":"https:\/\/afgcapital-sa.com\/en\/wp-json\/wp\/v2\/pages"}],"about":[{"href":"https:\/\/afgcapital-sa.com\/en\/wp-json\/wp\/v2\/types\/page"}],"author":[{"embeddable":true,"href":"https:\/\/afgcapital-sa.com\/en\/wp-json\/wp\/v2\/users\/2"}],"replies":[{"embeddable":true,"href":"https:\/\/afgcapital-sa.com\/en\/wp-json\/wp\/v2\/comments?post=938"}],"version-history":[{"count":2,"href":"https:\/\/afgcapital-sa.com\/en\/wp-json\/wp\/v2\/pages\/938\/revisions"}],"predecessor-version":[{"id":940,"href":"https:\/\/afgcapital-sa.com\/en\/wp-json\/wp\/v2\/pages\/938\/revisions\/940"}],"wp:attachment":[{"href":"https:\/\/afgcapital-sa.com\/en\/wp-json\/wp\/v2\/media?parent=938"}],"curies":[{"name":"wp","href":"https:\/\/api.w.org\/{rel}","templated":true}]}}