{"id":71,"date":"2023-02-26T19:35:43","date_gmt":"2023-02-26T19:35:43","guid":{"rendered":"http:\/\/localhost\/afg\/?page_id=71"},"modified":"2023-02-26T19:35:43","modified_gmt":"2023-02-26T19:35:43","slug":"direction-generale","status":"publish","type":"page","link":"https:\/\/afgcapital-sa.com\/en\/direction-generale\/","title":{"rendered":"(Fran\u00e7ais) Direction g\u00e9n\u00e9rale"},"content":{"rendered":"","protected":false},"excerpt":{"rendered":"","protected":false},"author":2,"featured_media":0,"parent":0,"menu_order":0,"comment_status":"closed","ping_status":"closed","template":"","meta":{"_acf_changed":false,"footnotes":""},"class_list":["post-71","page","type-page","status-publish","hentry"],"acf":[],"_links":{"self":[{"href":"https:\/\/afgcapital-sa.com\/en\/wp-json\/wp\/v2\/pages\/71","targetHints":{"allow":["GET"]}}],"collection":[{"href":"https:\/\/afgcapital-sa.com\/en\/wp-json\/wp\/v2\/pages"}],"about":[{"href":"https:\/\/afgcapital-sa.com\/en\/wp-json\/wp\/v2\/types\/page"}],"author":[{"embeddable":true,"href":"https:\/\/afgcapital-sa.com\/en\/wp-json\/wp\/v2\/users\/2"}],"replies":[{"embeddable":true,"href":"https:\/\/afgcapital-sa.com\/en\/wp-json\/wp\/v2\/comments?post=71"}],"version-history":[{"count":1,"href":"https:\/\/afgcapital-sa.com\/en\/wp-json\/wp\/v2\/pages\/71\/revisions"}],"predecessor-version":[{"id":72,"href":"https:\/\/afgcapital-sa.com\/en\/wp-json\/wp\/v2\/pages\/71\/revisions\/72"}],"wp:attachment":[{"href":"https:\/\/afgcapital-sa.com\/en\/wp-json\/wp\/v2\/media?parent=71"}],"curies":[{"name":"wp","href":"https:\/\/api.w.org\/{rel}","templated":true}]}}