{"id":66,"date":"2023-02-26T19:23:27","date_gmt":"2023-02-26T19:23:27","guid":{"rendered":"http:\/\/localhost\/afg\/?page_id=66"},"modified":"2024-01-20T22:01:15","modified_gmt":"2024-01-20T22:01:15","slug":"presentation-de-afg-capital","status":"publish","type":"page","link":"https:\/\/afgcapital-sa.com\/en\/presentation-de-afg-capital\/","title":{"rendered":"Pr\u00e9sentation de AFG Capital"},"content":{"rendered":"<p>AFG Capital SA est la Banque d\u2019affaires du groupe AFG. Cr\u00e9e en Juin 2019 \u00e0 Douala (Cameroun) sous la d\u00e9nomination \u00ab Atlantique capital \u00bb, elle a obtenu en septembre 2020 son agr\u00e9ment en qualit\u00e9 de Soci\u00e9t\u00e9 de Bourse intervenant sur le march\u00e9 financier de l\u2019Afrique Centrale.<\/p>\n<p>Les activit\u00e9s de AFG Capital SA, se d\u00e9clinent \u00e0 travers (02) deux grands p\u00f4les<\/p>","protected":false},"excerpt":{"rendered":"<p>AFG Capital SA est la Banque d\u2019affaires du groupe AFG. Cr\u00e9e en Juin 2019 \u00e0 Douala (Cameroun) sous la d\u00e9nomination \u00ab Atlantique capital \u00bb, elle a obtenu en septembre 2020 son agr\u00e9ment en qualit\u00e9 de Soci\u00e9t\u00e9 de Bourse intervenant sur le march\u00e9 financier de l\u2019Afrique Centrale. Les activit\u00e9s de AFG Capital SA, se d\u00e9clinent \u00e0 [&hellip;]<\/p>\n","protected":false},"author":2,"featured_media":0,"parent":0,"menu_order":0,"comment_status":"closed","ping_status":"closed","template":"about.php","meta":{"_acf_changed":false,"footnotes":""},"class_list":["post-66","page","type-page","status-publish","hentry"],"acf":[],"_links":{"self":[{"href":"https:\/\/afgcapital-sa.com\/en\/wp-json\/wp\/v2\/pages\/66","targetHints":{"allow":["GET"]}}],"collection":[{"href":"https:\/\/afgcapital-sa.com\/en\/wp-json\/wp\/v2\/pages"}],"about":[{"href":"https:\/\/afgcapital-sa.com\/en\/wp-json\/wp\/v2\/types\/page"}],"author":[{"embeddable":true,"href":"https:\/\/afgcapital-sa.com\/en\/wp-json\/wp\/v2\/users\/2"}],"replies":[{"embeddable":true,"href":"https:\/\/afgcapital-sa.com\/en\/wp-json\/wp\/v2\/comments?post=66"}],"version-history":[{"count":29,"href":"https:\/\/afgcapital-sa.com\/en\/wp-json\/wp\/v2\/pages\/66\/revisions"}],"predecessor-version":[{"id":1086,"href":"https:\/\/afgcapital-sa.com\/en\/wp-json\/wp\/v2\/pages\/66\/revisions\/1086"}],"wp:attachment":[{"href":"https:\/\/afgcapital-sa.com\/en\/wp-json\/wp\/v2\/media?parent=66"}],"curies":[{"name":"wp","href":"https:\/\/api.w.org\/{rel}","templated":true}]}}