{"id":626,"date":"2023-05-05T03:29:30","date_gmt":"2023-05-05T03:29:30","guid":{"rendered":"http:\/\/localhost\/afg\/?page_id=626"},"modified":"2023-10-22T22:15:19","modified_gmt":"2023-10-22T22:15:19","slug":"notre-histoire","status":"publish","type":"page","link":"https:\/\/afgcapital-sa.com\/en\/notre-histoire\/","title":{"rendered":"Our history"},"content":{"rendered":"<ul>\n<li>Fond\u00e9e en 2019 \u00e0 Douala (Cameroun), AFG CAPITAL S.A filiale de Atlantic Group, est sp\u00e9cialis\u00e9e dans l\u2019origination, la structuration, la distribution des produits financiers sp\u00e9cifiques et le conseil en ing\u00e9nierie financi\u00e8re. AFG Capital S.A. est une soci\u00e9t\u00e9 de bourse (SDB) agr\u00e9\u00e9e par la Commission de Surveillance du March\u00e9 de l\u2019Afrique Centrale (COSUMAF) sous le num\u00e9ro d\u2019agr\u00e9ment : COSUMAF-SDB-03\/2020. Elle conduit \u00e0 ce titre des op\u00e9rations sur les valeurs mobili\u00e8res en zone CEMAC.<\/li>\n<li>Forte d\u2019une compr\u00e9hension globale des probl\u00e9matiques des entreprises et d\u2019une bonne connaissance de sa zone d\u2019intervention, AFG Capital se positionne comme un acteur majeur sur son march\u00e9 et b\u00e9n\u00e9ficie, en tant que tel, de la confiance d\u2019op\u00e9rateurs et d\u2019institutions cl\u00e9s.<\/li>\n<\/ul>\n","protected":false},"excerpt":{"rendered":"<p>Fond\u00e9e en 2019 \u00e0 Douala (Cameroun), AFG CAPITAL S.A filiale de Atlantic Group, est sp\u00e9cialis\u00e9e dans l\u2019origination, la structuration, la distribution des produits financiers sp\u00e9cifiques et le conseil en ing\u00e9nierie financi\u00e8re. AFG Capital S.A. est une soci\u00e9t\u00e9 de bourse (SDB) agr\u00e9\u00e9e par la Commission de Surveillance du March\u00e9 de l\u2019Afrique Centrale (COSUMAF) sous le num\u00e9ro [&hellip;]<\/p>\n","protected":false},"author":2,"featured_media":0,"parent":0,"menu_order":0,"comment_status":"closed","ping_status":"closed","template":"histoire.php","meta":{"_acf_changed":false,"footnotes":""},"class_list":["post-626","page","type-page","status-publish","hentry"],"acf":[],"_links":{"self":[{"href":"https:\/\/afgcapital-sa.com\/en\/wp-json\/wp\/v2\/pages\/626","targetHints":{"allow":["GET"]}}],"collection":[{"href":"https:\/\/afgcapital-sa.com\/en\/wp-json\/wp\/v2\/pages"}],"about":[{"href":"https:\/\/afgcapital-sa.com\/en\/wp-json\/wp\/v2\/types\/page"}],"author":[{"embeddable":true,"href":"https:\/\/afgcapital-sa.com\/en\/wp-json\/wp\/v2\/users\/2"}],"replies":[{"embeddable":true,"href":"https:\/\/afgcapital-sa.com\/en\/wp-json\/wp\/v2\/comments?post=626"}],"version-history":[{"count":7,"href":"https:\/\/afgcapital-sa.com\/en\/wp-json\/wp\/v2\/pages\/626\/revisions"}],"predecessor-version":[{"id":1037,"href":"https:\/\/afgcapital-sa.com\/en\/wp-json\/wp\/v2\/pages\/626\/revisions\/1037"}],"wp:attachment":[{"href":"https:\/\/afgcapital-sa.com\/en\/wp-json\/wp\/v2\/media?parent=626"}],"curies":[{"name":"wp","href":"https:\/\/api.w.org\/{rel}","templated":true}]}}