{"id":417,"date":"2023-03-09T11:15:58","date_gmt":"2023-03-09T11:15:58","guid":{"rendered":"http:\/\/localhost\/afg\/?page_id=417"},"modified":"2023-05-06T08:07:31","modified_gmt":"2023-05-06T08:07:31","slug":"mentions-legales","status":"publish","type":"page","link":"https:\/\/afgcapital-sa.com\/en\/mentions-legales\/","title":{"rendered":"Legal notice"},"content":{"rendered":"<p>AFG Holding, soci\u00e9t\u00e9 anonyme avec Conseil d&#8217;Administration\u00a0au capital de\u00a0FCFA 49 000 000\u00a0000,\u00a0RCCM CI-ABJ-03-2022-B14-00047,\u00a0inscrite sur la liste des compagnies financi\u00e8res de l&#8217;UMOA sous le num\u00e9ro CF-A-021<\/p>\n<p>Si\u00e8ge social\u00a0: Abidjan-Plateau, 15 Avenue Joseph Anoma, Immeuble MACI 17<sup>\u00e8me<\/sup> \u00e9tage<\/p>\n<p>Adresse postale\u00a0: 08 BP 2644 Abidjan 08<\/p>\n","protected":false},"excerpt":{"rendered":"<p>AFG Holding, soci\u00e9t\u00e9 anonyme avec Conseil d&#8217;Administration\u00a0au capital de\u00a0FCFA 49 000 000\u00a0000,\u00a0RCCM CI-ABJ-03-2022-B14-00047,\u00a0inscrite sur la liste des compagnies financi\u00e8res de l&#8217;UMOA sous le num\u00e9ro CF-A-021 Si\u00e8ge social\u00a0: Abidjan-Plateau, 15 Avenue Joseph Anoma, Immeuble MACI 17\u00e8me \u00e9tage Adresse postale\u00a0: 08 BP 2644 Abidjan 08<\/p>\n","protected":false},"author":2,"featured_media":0,"parent":0,"menu_order":0,"comment_status":"closed","ping_status":"closed","template":"","meta":{"_acf_changed":false,"footnotes":""},"class_list":["post-417","page","type-page","status-publish","hentry"],"acf":[],"_links":{"self":[{"href":"https:\/\/afgcapital-sa.com\/en\/wp-json\/wp\/v2\/pages\/417","targetHints":{"allow":["GET"]}}],"collection":[{"href":"https:\/\/afgcapital-sa.com\/en\/wp-json\/wp\/v2\/pages"}],"about":[{"href":"https:\/\/afgcapital-sa.com\/en\/wp-json\/wp\/v2\/types\/page"}],"author":[{"embeddable":true,"href":"https:\/\/afgcapital-sa.com\/en\/wp-json\/wp\/v2\/users\/2"}],"replies":[{"embeddable":true,"href":"https:\/\/afgcapital-sa.com\/en\/wp-json\/wp\/v2\/comments?post=417"}],"version-history":[{"count":4,"href":"https:\/\/afgcapital-sa.com\/en\/wp-json\/wp\/v2\/pages\/417\/revisions"}],"predecessor-version":[{"id":671,"href":"https:\/\/afgcapital-sa.com\/en\/wp-json\/wp\/v2\/pages\/417\/revisions\/671"}],"wp:attachment":[{"href":"https:\/\/afgcapital-sa.com\/en\/wp-json\/wp\/v2\/media?parent=417"}],"curies":[{"name":"wp","href":"https:\/\/api.w.org\/{rel}","templated":true}]}}